{"id":99,"date":"2023-08-30T07:29:12","date_gmt":"2023-08-30T06:29:12","guid":{"rendered":"https:\/\/frozencity.rs\/?page_id=99"},"modified":"2023-08-31T07:37:00","modified_gmt":"2023-08-31T06:37:00","slug":"kocke-leda-u-kesama","status":"publish","type":"page","link":"https:\/\/frozencity.rs\/?page_id=99","title":{"rendered":"Kocke Leda u Kesama"},"content":{"rendered":"\t\t<div data-elementor-type=\"wp-page\" data-elementor-id=\"99\" class=\"elementor elementor-99\" data-elementor-post-type=\"page\">\n\t\t\t\t\t\t<section class=\"elementor-section elementor-top-section elementor-element elementor-element-122b3e1c elementor-section-boxed elementor-section-height-default elementor-section-height-default\" data-id=\"122b3e1c\" data-element_type=\"section\" data-e-type=\"section\" data-settings=\"{&quot;background_background&quot;:&quot;classic&quot;}\">\n\t\t\t\t\t\t\t<div class=\"elementor-background-overlay\"><\/div>\n\t\t\t\t\t\t\t<div class=\"elementor-container elementor-column-gap-no\">\n\t\t\t\t\t<div class=\"elementor-column elementor-col-100 elementor-top-column elementor-element elementor-element-650c0989\" data-id=\"650c0989\" data-element_type=\"column\" data-e-type=\"column\">\n\t\t\t<div class=\"elementor-widget-wrap elementor-element-populated\">\n\t\t\t\t\t\t<div class=\"elementor-element elementor-element-3d30b65e elementor-widget elementor-widget-heading\" data-id=\"3d30b65e\" data-element_type=\"widget\" data-e-type=\"widget\" data-widget_type=\"heading.default\">\n\t\t\t\t<div class=\"elementor-widget-container\">\n\t\t\t\t\t<h2 class=\"elementor-heading-title elementor-size-default\">Kocke leda u kesama<\/h2>\t\t\t\t<\/div>\n\t\t\t\t<\/div>\n\t\t\t\t<section class=\"elementor-section elementor-inner-section elementor-element elementor-element-54045f37 elementor-section-boxed elementor-section-height-default elementor-section-height-default\" data-id=\"54045f37\" data-element_type=\"section\" data-e-type=\"section\">\n\t\t\t\t\t\t<div class=\"elementor-container elementor-column-gap-no\">\n\t\t\t\t\t<div class=\"elementor-column elementor-col-100 elementor-inner-column elementor-element elementor-element-62c1cd50\" data-id=\"62c1cd50\" data-element_type=\"column\" data-e-type=\"column\" data-settings=\"{&quot;background_background&quot;:&quot;classic&quot;}\">\n\t\t\t<div class=\"elementor-widget-wrap elementor-element-populated\">\n\t\t\t\t\t\t<div class=\"elementor-element elementor-element-a781255 elementor-widget__width-auto elementor-widget elementor-widget-text-editor\" data-id=\"a781255\" data-element_type=\"widget\" data-e-type=\"widget\" data-widget_type=\"text-editor.default\">\n\t\t\t\t<div class=\"elementor-widget-container\">\n\t\t\t\t\t\t\t\t\tHome\t\t\t\t\t\t\t\t<\/div>\n\t\t\t\t<\/div>\n\t\t\t\t<div class=\"elementor-element elementor-element-ee2c3d7 elementor-widget__width-auto elementor-view-default elementor-widget elementor-widget-icon\" data-id=\"ee2c3d7\" data-element_type=\"widget\" data-e-type=\"widget\" data-widget_type=\"icon.default\">\n\t\t\t\t<div class=\"elementor-widget-container\">\n\t\t\t\t\t\t\t<div class=\"elementor-icon-wrapper\">\n\t\t\t<div class=\"elementor-icon\">\n\t\t\t<i aria-hidden=\"true\" class=\"jki jki-double-left-chevron-light\"><\/i>\t\t\t<\/div>\n\t\t<\/div>\n\t\t\t\t\t\t<\/div>\n\t\t\t\t<\/div>\n\t\t\t\t<div class=\"elementor-element elementor-element-2d68032b elementor-widget__width-auto elementor-widget elementor-widget-text-editor\" data-id=\"2d68032b\" data-element_type=\"widget\" data-e-type=\"widget\" data-widget_type=\"text-editor.default\">\n\t\t\t\t<div class=\"elementor-widget-container\">\n\t\t\t\t\t\t\t\t\tServices\t\t\t\t\t\t\t\t<\/div>\n\t\t\t\t<\/div>\n\t\t\t\t\t<\/div>\n\t\t<\/div>\n\t\t\t\t\t<\/div>\n\t\t<\/section>\n\t\t\t\t\t<\/div>\n\t\t<\/div>\n\t\t\t\t\t<\/div>\n\t\t<\/section>\n\t\t\t\t<section class=\"elementor-section elementor-top-section elementor-element elementor-element-43ad995a elementor-section-boxed elementor-section-height-default elementor-section-height-default\" data-id=\"43ad995a\" data-element_type=\"section\" data-e-type=\"section\" data-settings=\"{&quot;background_background&quot;:&quot;classic&quot;}\">\n\t\t\t\t\t\t<div class=\"elementor-container elementor-column-gap-no\">\n\t\t\t\t\t<div class=\"elementor-column elementor-col-100 elementor-top-column elementor-element elementor-element-10467836\" data-id=\"10467836\" data-element_type=\"column\" data-e-type=\"column\">\n\t\t\t<div class=\"elementor-widget-wrap elementor-element-populated\">\n\t\t\t\t\t\t<section class=\"elementor-section elementor-inner-section elementor-element elementor-element-5d8279b4 elementor-section-content-bottom elementor-section-boxed elementor-section-height-default elementor-section-height-default\" data-id=\"5d8279b4\" data-element_type=\"section\" data-e-type=\"section\">\n\t\t\t\t\t\t<div class=\"elementor-container elementor-column-gap-no\">\n\t\t\t\t\t<div class=\"elementor-column elementor-col-100 elementor-inner-column elementor-element elementor-element-3c8dd61f\" data-id=\"3c8dd61f\" data-element_type=\"column\" data-e-type=\"column\">\n\t\t\t<div class=\"elementor-widget-wrap elementor-element-populated\">\n\t\t\t\t\t\t<div class=\"elementor-element elementor-element-1e3773bc animated-slow elementor-invisible elementor-widget elementor-widget-heading\" data-id=\"1e3773bc\" data-element_type=\"widget\" data-e-type=\"widget\" data-settings=\"{&quot;_animation&quot;:&quot;fadeInRight&quot;}\" data-widget_type=\"heading.default\">\n\t\t\t\t<div class=\"elementor-widget-container\">\n\t\t\t\t\t<h5 class=\"elementor-heading-title elementor-size-default\">Frozen City<\/h5>\t\t\t\t<\/div>\n\t\t\t\t<\/div>\n\t\t\t\t<div class=\"elementor-element elementor-element-4cc96c08 elementor-widget elementor-widget-heading\" data-id=\"4cc96c08\" data-element_type=\"widget\" data-e-type=\"widget\" data-widget_type=\"heading.default\">\n\t\t\t\t<div class=\"elementor-widget-container\">\n\t\t\t\t\t<h2 class=\"elementor-heading-title elementor-size-default\">Za\u0161to smo mi izbor broj 1\n<\/h2>\t\t\t\t<\/div>\n\t\t\t\t<\/div>\n\t\t\t\t<div class=\"elementor-element elementor-element-60b1306a elementor-widget elementor-widget-text-editor\" data-id=\"60b1306a\" data-element_type=\"widget\" data-e-type=\"widget\" data-widget_type=\"text-editor.default\">\n\t\t\t\t<div class=\"elementor-widget-container\">\n\t\t\t\t\t\t\t\t\t<p>Kocke leda u kesama iz na\u0161e proizvodnje predstavljaju vrhunski izbor za sve va\u0161e potrebe hla\u0111enja. Evo nekoliko klju\u010dnih prednosti ovog leda i benefita koje pru\u017ea na\u0161im cenjenim kupcima, restoranima, kafi\u0107ima i fizi\u010dkim licima:<\/p><ol><li><p><strong>Kvalitet pod kontrolom<\/strong>: Na\u0161 led se proizvodi u strogo kontrolisanim uslovima, \u0161to garantuje \u010dist, higijenski i visokokvalitetan proizvod. Kocke leda su \u010diste i bez ne\u010disto\u0107a, idealne za bezbedno hla\u0111enje hrane i pi\u0107a.<\/p><\/li><li><p><strong>Prakti\u010dnost pakovanja<\/strong>: Na\u0161e kocke leda dolaze u prakti\u010dnim kesama te\u017eine 2 i 5 kg, olak\u0161avaju\u0107i rukovanje i skladi\u0161tenje. Restorani i kafi\u0107i cene ovu jednostavnost pri poslu\u017eivanju pi\u0107a i koktela.<\/p><\/li><li><p><strong>Ekonomi\u010dnost<\/strong>: Povoljne cene na\u0161eg leda omogu\u0107avaju vam da efikasno upravljate tro\u0161kovima hla\u0111enja. Ovo je posebno va\u017eno za ugostiteljske objekte koji \u017eele odr\u017eati profitabilnost.<\/p><\/li><li><p><strong>Svestranost<\/strong>: Na\u0161 led je idealan za \u0161irok spektar primena, od osve\u017eavaju\u0107ih napitaka i koktela do o\u010duvanja sve\u017eine hrane. Bez obzira da li ste ku\u0107ni kuvar ili profesionalni \u0161ef, na\u0161 led \u0107e zadovoljiti sve va\u0161e potrebe.<\/p><\/li><li><p><strong>Odr\u017eivost<\/strong>: Ponosimo se ekolo\u0161kim pristupom proizvodnji leda. Koristimo resurse efikasno i minimalizujemo otpad, \u010duvaju\u0107i na\u0161u planetu za budu\u0107e generacije.<\/p><\/li><li><p><strong>Pouzdanost snabdevanja<\/strong>: Na\u0161a firma je posve\u0107ena obezbe\u0111ivanju kontinuirane dostave leda, tako da nikada ne\u0107ete ostati bez ovog va\u017enog resursa za svoje poslovanje ili zabave.<\/p><\/li><\/ol><p>Za svakoga ko tra\u017ei visokokvalitetan led koji kombinuje pouzdanost, prakti\u010dnost i ekonomi\u010dnost, na\u0161a kocke leda u kesama predstavljaju savr\u0161en izbor. Neka Frozen City bude va\u0161a prva stanica za sve potrebe hla\u0111enja, donose\u0107i sve\u017einu i udobnost u svaki trenutak.<\/p>\t\t\t\t\t\t\t\t<\/div>\n\t\t\t\t<\/div>\n\t\t\t\t\t<\/div>\n\t\t<\/div>\n\t\t\t\t\t<\/div>\n\t\t<\/section>\n\t\t\t\t\t<\/div>\n\t\t<\/div>\n\t\t\t\t\t<\/div>\n\t\t<\/section>\n\t\t\t\t<section class=\"elementor-section elementor-top-section elementor-element elementor-element-5b477d74 elementor-section-boxed elementor-section-height-default elementor-section-height-default\" data-id=\"5b477d74\" data-element_type=\"section\" data-e-type=\"section\">\n\t\t\t\t\t\t<div class=\"elementor-container elementor-column-gap-no\">\n\t\t\t\t\t<div class=\"elementor-column elementor-col-100 elementor-top-column elementor-element elementor-element-29be47fb\" data-id=\"29be47fb\" data-element_type=\"column\" data-e-type=\"column\">\n\t\t\t<div class=\"elementor-widget-wrap elementor-element-populated\">\n\t\t\t\t\t\t<section class=\"elementor-section elementor-inner-section elementor-element elementor-element-2d602ce8 elementor-section-boxed elementor-section-height-default elementor-section-height-default\" data-id=\"2d602ce8\" data-element_type=\"section\" data-e-type=\"section\">\n\t\t\t\t\t\t<div class=\"elementor-container elementor-column-gap-no\">\n\t\t\t\t\t<div class=\"elementor-column elementor-col-33 elementor-inner-column elementor-element elementor-element-c53127b\" data-id=\"c53127b\" data-element_type=\"column\" data-e-type=\"column\">\n\t\t\t<div class=\"elementor-widget-wrap elementor-element-populated\">\n\t\t\t\t\t\t<div class=\"elementor-element elementor-element-60498cea elementor-widget__width-initial elementor-absolute elementor-hidden-phone elementor-widget elementor-widget-image\" data-id=\"60498cea\" data-element_type=\"widget\" data-e-type=\"widget\" data-settings=\"{&quot;_position&quot;:&quot;absolute&quot;}\" data-widget_type=\"image.default\">\n\t\t\t\t<div class=\"elementor-widget-container\">\n\t\t\t\t\t\t\t\t\t\t\t\t\t\t\t<img decoding=\"async\" width=\"167\" height=\"25\" src=\"https:\/\/frozencity.rs\/wp-content\/uploads\/2023\/08\/arrow3.png\" class=\"attachment-full size-full wp-image-17\" alt=\"\" \/>\t\t\t\t\t\t\t\t\t\t\t\t\t\t\t<\/div>\n\t\t\t\t<\/div>\n\t\t\t\t<div class=\"elementor-element elementor-element-374170ce elementor-widget__width-initial elementor-absolute elementor-hidden-phone elementor-widget elementor-widget-image\" data-id=\"374170ce\" data-element_type=\"widget\" data-e-type=\"widget\" data-settings=\"{&quot;_position&quot;:&quot;absolute&quot;}\" data-widget_type=\"image.default\">\n\t\t\t\t<div class=\"elementor-widget-container\">\n\t\t\t\t\t\t\t\t\t\t\t\t\t\t\t<img decoding=\"async\" width=\"167\" height=\"25\" src=\"https:\/\/frozencity.rs\/wp-content\/uploads\/2023\/08\/arrow4.png\" class=\"attachment-full size-full wp-image-18\" alt=\"\" \/>\t\t\t\t\t\t\t\t\t\t\t\t\t\t\t<\/div>\n\t\t\t\t<\/div>\n\t\t\t\t\t<\/div>\n\t\t<\/div>\n\t\t\t\t<div class=\"elementor-column elementor-col-33 elementor-inner-column elementor-element elementor-element-22cf5008\" data-id=\"22cf5008\" data-element_type=\"column\" data-e-type=\"column\">\n\t\t\t<div class=\"elementor-widget-wrap elementor-element-populated\">\n\t\t\t\t\t\t<div class=\"elementor-element elementor-element-f0bd96d elementor-widget elementor-widget-image\" data-id=\"f0bd96d\" data-element_type=\"widget\" data-e-type=\"widget\" data-widget_type=\"image.default\">\n\t\t\t\t<div class=\"elementor-widget-container\">\n\t\t\t\t\t\t\t\t\t\t\t\t\t\t\t<img fetchpriority=\"high\" decoding=\"async\" width=\"300\" height=\"300\" src=\"https:\/\/frozencity.rs\/wp-content\/uploads\/2023\/07\/FROZEN-LOGO-WEB.png\" class=\"attachment-large size-large wp-image-6\" alt=\"\" srcset=\"https:\/\/frozencity.rs\/wp-content\/uploads\/2023\/07\/FROZEN-LOGO-WEB.png 300w, https:\/\/frozencity.rs\/wp-content\/uploads\/2023\/07\/FROZEN-LOGO-WEB-150x150.png 150w\" sizes=\"(max-width: 300px) 100vw, 300px\" \/>\t\t\t\t\t\t\t\t\t\t\t\t\t\t\t<\/div>\n\t\t\t\t<\/div>\n\t\t\t\t\t<\/div>\n\t\t<\/div>\n\t\t\t\t<div class=\"elementor-column elementor-col-33 elementor-inner-column elementor-element elementor-element-3172f9cd\" data-id=\"3172f9cd\" data-element_type=\"column\" data-e-type=\"column\">\n\t\t\t<div class=\"elementor-widget-wrap elementor-element-populated\">\n\t\t\t\t\t\t<div class=\"elementor-element elementor-element-036a50d elementor-widget elementor-widget-image\" data-id=\"036a50d\" data-element_type=\"widget\" data-e-type=\"widget\" data-widget_type=\"image.default\">\n\t\t\t\t<div class=\"elementor-widget-container\">\n\t\t\t\t\t\t\t\t\t\t\t\t\t\t\t<img loading=\"lazy\" decoding=\"async\" width=\"800\" height=\"587\" src=\"https:\/\/frozencity.rs\/wp-content\/uploads\/2023\/08\/Pakovanje-led-mockup--1024x751.jpg\" class=\"attachment-large size-large wp-image-81\" alt=\"\" srcset=\"https:\/\/frozencity.rs\/wp-content\/uploads\/2023\/08\/Pakovanje-led-mockup--1024x751.jpg 1024w, https:\/\/frozencity.rs\/wp-content\/uploads\/2023\/08\/Pakovanje-led-mockup--300x220.jpg 300w, https:\/\/frozencity.rs\/wp-content\/uploads\/2023\/08\/Pakovanje-led-mockup--768x563.jpg 768w, https:\/\/frozencity.rs\/wp-content\/uploads\/2023\/08\/Pakovanje-led-mockup--1536x1126.jpg 1536w, https:\/\/frozencity.rs\/wp-content\/uploads\/2023\/08\/Pakovanje-led-mockup--2048x1502.jpg 2048w\" sizes=\"(max-width: 800px) 100vw, 800px\" \/>\t\t\t\t\t\t\t\t\t\t\t\t\t\t\t<\/div>\n\t\t\t\t<\/div>\n\t\t\t\t\t<\/div>\n\t\t<\/div>\n\t\t\t\t\t<\/div>\n\t\t<\/section>\n\t\t\t\t\t<\/div>\n\t\t<\/div>\n\t\t\t\t\t<\/div>\n\t\t<\/section>\n\t\t\t\t<section class=\"elementor-section elementor-top-section elementor-element elementor-element-7f1df325 elementor-section-content-middle elementor-section-boxed elementor-section-height-default elementor-section-height-default\" data-id=\"7f1df325\" data-element_type=\"section\" data-e-type=\"section\" data-settings=\"{&quot;background_background&quot;:&quot;classic&quot;}\">\n\t\t\t\t\t\t\t<div class=\"elementor-background-overlay\"><\/div>\n\t\t\t\t\t\t\t<div class=\"elementor-container elementor-column-gap-no\">\n\t\t\t\t\t<div class=\"elementor-column elementor-col-50 elementor-top-column elementor-element elementor-element-612ad692\" data-id=\"612ad692\" data-element_type=\"column\" data-e-type=\"column\">\n\t\t\t<div class=\"elementor-widget-wrap elementor-element-populated\">\n\t\t\t\t\t\t<div class=\"elementor-element elementor-element-20d631ed animated-slow elementor-invisible elementor-widget elementor-widget-heading\" data-id=\"20d631ed\" data-element_type=\"widget\" data-e-type=\"widget\" data-settings=\"{&quot;_animation&quot;:&quot;fadeInRight&quot;}\" data-widget_type=\"heading.default\">\n\t\t\t\t<div class=\"elementor-widget-container\">\n\t\t\t\t\t<h5 class=\"elementor-heading-title elementor-size-default\">Recenzije<\/h5>\t\t\t\t<\/div>\n\t\t\t\t<\/div>\n\t\t\t\t<div class=\"elementor-element elementor-element-1baa9aa9 elementor-widget elementor-widget-heading\" data-id=\"1baa9aa9\" data-element_type=\"widget\" data-e-type=\"widget\" data-widget_type=\"heading.default\">\n\t\t\t\t<div class=\"elementor-widget-container\">\n\t\t\t\t\t<h2 class=\"elementor-heading-title elementor-size-default\">\u0160ta na\u0161i klijenti misle o nama<\/h2>\t\t\t\t<\/div>\n\t\t\t\t<\/div>\n\t\t\t\t\t<\/div>\n\t\t<\/div>\n\t\t\t\t<div class=\"elementor-column elementor-col-50 elementor-top-column elementor-element elementor-element-1245ffda\" data-id=\"1245ffda\" data-element_type=\"column\" data-e-type=\"column\">\n\t\t\t<div class=\"elementor-widget-wrap elementor-element-populated\">\n\t\t\t\t\t\t<div class=\"elementor-element elementor-element-7be7d75 elementor-testimonial--skin-default elementor-testimonial--layout-image_inline elementor-testimonial--align-center elementor-arrows-yes elementor-pagination-type-bullets elementor-widget elementor-widget-testimonial-carousel\" data-id=\"7be7d75\" data-element_type=\"widget\" data-e-type=\"widget\" data-settings=\"{&quot;show_arrows&quot;:&quot;yes&quot;,&quot;pagination&quot;:&quot;bullets&quot;,&quot;speed&quot;:500,&quot;autoplay&quot;:&quot;yes&quot;,&quot;autoplay_speed&quot;:5000,&quot;loop&quot;:&quot;yes&quot;,&quot;pause_on_hover&quot;:&quot;yes&quot;,&quot;pause_on_interaction&quot;:&quot;yes&quot;,&quot;space_between&quot;:{&quot;unit&quot;:&quot;px&quot;,&quot;size&quot;:10,&quot;sizes&quot;:[]},&quot;space_between_tablet&quot;:{&quot;unit&quot;:&quot;px&quot;,&quot;size&quot;:10,&quot;sizes&quot;:[]},&quot;space_between_mobile&quot;:{&quot;unit&quot;:&quot;px&quot;,&quot;size&quot;:10,&quot;sizes&quot;:[]}}\" data-widget_type=\"testimonial-carousel.default\">\n\t\t\t\t<div class=\"elementor-widget-container\">\n\t\t\t\t\t\t\t\t\t<div class=\"elementor-swiper\">\n\t\t\t\t\t<div class=\"elementor-main-swiper swiper\" role=\"region\" aria-roledescription=\"carousel\" aria-label=\"Slides\">\n\t\t\t\t<div class=\"swiper-wrapper\">\n\t\t\t\t\t\t\t\t\t\t\t<div class=\"swiper-slide\" role=\"group\" aria-roledescription=\"slide\">\n\t\t\t\t\t\t\t\t\t<div class=\"elementor-testimonial\">\n\t\t\t\t\t\t\t<div class=\"elementor-testimonial__content\">\n\t\t\t\t\t<div class=\"elementor-testimonial__text\">\n\t\t\t\t\t\t\"Frozen City je moj izbor za led ve\u0107 nekoliko godina. Njihov led u kesama uvek je \u010dist, bez mirisa i odli\u010dno ohla\u0111uje moje napitke. Pouzdani su i ekonomi\u010dni!\"\t\t\t\t\t<\/div>\n\t\t\t\t\t\t\t\t\t<\/div>\n\t\t\t\t\t\t<div class=\"elementor-testimonial__footer\">\n\t\t\t\t\t\t\t\t\t<div class=\"elementor-testimonial__image\">\n\t\t\t\t\t\t<img decoding=\"async\" src=\"https:\/\/frozencity.rs\/wp-content\/plugins\/elementor\/assets\/images\/placeholder.png\" alt=\"Ana K.\">\n\t\t\t\t\t\t\t\t\t\t\t<\/div>\n\t\t\t\t\t\t\t\t<cite class=\"elementor-testimonial__cite\"><span class=\"elementor-testimonial__name\">Ana K.<\/span><span class=\"elementor-testimonial__title\">Fizi\u010dko lice<\/span><\/cite>\t\t\t<\/div>\n\t\t<\/div>\n\t\t\t\t\t\t\t\t<\/div>\n\t\t\t\t\t\t\t\t\t\t\t<div class=\"swiper-slide\" role=\"group\" aria-roledescription=\"slide\">\n\t\t\t\t\t\t\t\t\t<div class=\"elementor-testimonial\">\n\t\t\t\t\t\t\t<div class=\"elementor-testimonial__content\">\n\t\t\t\t\t<div class=\"elementor-testimonial__text\">\n\t\t\t\t\t\t\"Kao \u0161ef kuhinje, kvalitet leda je klju\u010dan za na\u0161u uslugu. Frozen City nam isporu\u010duje besprekoran led koji koristimo za serviranje sve\u017eih plodova mora. To je ne\u0161to \u0161to na\u0161i gosti uvek primete i hvale.\"\t\t\t\t\t<\/div>\n\t\t\t\t\t\t\t\t\t<\/div>\n\t\t\t\t\t\t<div class=\"elementor-testimonial__footer\">\n\t\t\t\t\t\t\t\t\t<div class=\"elementor-testimonial__image\">\n\t\t\t\t\t\t<img decoding=\"async\" src=\"https:\/\/frozencity.rs\/wp-content\/plugins\/elementor\/assets\/images\/placeholder.png\" alt=\"Restoran\">\n\t\t\t\t\t\t\t\t\t\t\t<\/div>\n\t\t\t\t\t\t\t\t<cite class=\"elementor-testimonial__cite\"><span class=\"elementor-testimonial__name\">Restoran<\/span><span class=\"elementor-testimonial__title\">\"Gastronomija\"<\/span><\/cite>\t\t\t<\/div>\n\t\t<\/div>\n\t\t\t\t\t\t\t\t<\/div>\n\t\t\t\t\t\t\t\t\t\t\t<div class=\"swiper-slide\" role=\"group\" aria-roledescription=\"slide\">\n\t\t\t\t\t\t\t\t\t<div class=\"elementor-testimonial\">\n\t\t\t\t\t\t\t<div class=\"elementor-testimonial__content\">\n\t\t\t\t\t<div class=\"elementor-testimonial__text\">\n\t\t\t\t\t\t\"Hvala Frozen City-u na njihovom izvanrednom ledu! Njihove prakti\u010dne kese olak\u0161avaju rad na\u0161em osoblju, a kocke leda su savr\u0161ene za na\u0161e specijalne koktele. Na\u0161i gosti jednostavno obo\u017eavaju ukus i sve\u017einu koje ovaj led donosi!\"\t\t\t\t\t<\/div>\n\t\t\t\t\t\t\t\t\t<\/div>\n\t\t\t\t\t\t<div class=\"elementor-testimonial__footer\">\n\t\t\t\t\t\t\t\t\t<div class=\"elementor-testimonial__image\">\n\t\t\t\t\t\t<img decoding=\"async\" src=\"https:\/\/frozencity.rs\/wp-content\/plugins\/elementor\/assets\/images\/placeholder.png\" alt=\"Kafi\u0107\">\n\t\t\t\t\t\t\t\t\t\t\t<\/div>\n\t\t\t\t\t\t\t\t<cite class=\"elementor-testimonial__cite\"><span class=\"elementor-testimonial__name\">Kafi\u0107<\/span><span class=\"elementor-testimonial__title\">\"Udobni Trenuci\"<\/span><\/cite>\t\t\t<\/div>\n\t\t<\/div>\n\t\t\t\t\t\t\t\t<\/div>\n\t\t\t\t\t\t\t\t\t<\/div>\n\t\t\t\t\t\t\t\t\t\t\t\t\t\t\t<div class=\"elementor-swiper-button elementor-swiper-button-prev\" role=\"button\" tabindex=\"0\" aria-label=\"Previous\">\n\t\t\t\t\t\t\t<i aria-hidden=\"true\" class=\"eicon-chevron-left\"><\/i>\t\t\t\t\t\t<\/div>\n\t\t\t\t\t\t<div class=\"elementor-swiper-button elementor-swiper-button-next\" role=\"button\" tabindex=\"0\" aria-label=\"Next\">\n\t\t\t\t\t\t\t<i aria-hidden=\"true\" class=\"eicon-chevron-right\"><\/i>\t\t\t\t\t\t<\/div>\n\t\t\t\t\t\t\t\t\t\t\t\t\t\t\t\t<div class=\"swiper-pagination\"><\/div>\n\t\t\t\t\t\t\t\t\t\t\t\t<\/div>\n\t\t\t\t<\/div>\n\t\t\t\t\t\t\t\t<\/div>\n\t\t\t\t<\/div>\n\t\t\t\t\t<\/div>\n\t\t<\/div>\n\t\t\t\t\t<\/div>\n\t\t<\/section>\n\t\t\t\t<\/div>\n\t\t","protected":false},"excerpt":{"rendered":"<p>Kocke leda u kesama Home Services Frozen City Za\u0161to smo mi izbor broj 1 Kocke leda u kesama iz na\u0161e proizvodnje predstavljaju vrhunski izbor za sve va\u0161e potrebe hla\u0111enja. Evo nekoliko klju\u010dnih prednosti ovog leda i benefita koje pru\u017ea na\u0161im cenjenim kupcima, restoranima, kafi\u0107ima i fizi\u010dkim licima: Kvalitet pod kontrolom: Na\u0161 led se proizvodi u [&hellip;]<\/p>\n","protected":false},"author":1,"featured_media":0,"parent":0,"menu_order":0,"comment_status":"closed","ping_status":"closed","template":"elementor_header_footer","meta":{"footnotes":""},"class_list":["post-99","page","type-page","status-publish","hentry"],"_links":{"self":[{"href":"https:\/\/frozencity.rs\/index.php?rest_route=\/wp\/v2\/pages\/99","targetHints":{"allow":["GET"]}}],"collection":[{"href":"https:\/\/frozencity.rs\/index.php?rest_route=\/wp\/v2\/pages"}],"about":[{"href":"https:\/\/frozencity.rs\/index.php?rest_route=\/wp\/v2\/types\/page"}],"author":[{"embeddable":true,"href":"https:\/\/frozencity.rs\/index.php?rest_route=\/wp\/v2\/users\/1"}],"replies":[{"embeddable":true,"href":"https:\/\/frozencity.rs\/index.php?rest_route=%2Fwp%2Fv2%2Fcomments&post=99"}],"version-history":[{"count":13,"href":"https:\/\/frozencity.rs\/index.php?rest_route=\/wp\/v2\/pages\/99\/revisions"}],"predecessor-version":[{"id":144,"href":"https:\/\/frozencity.rs\/index.php?rest_route=\/wp\/v2\/pages\/99\/revisions\/144"}],"wp:attachment":[{"href":"https:\/\/frozencity.rs\/index.php?rest_route=%2Fwp%2Fv2%2Fmedia&parent=99"}],"curies":[{"name":"wp","href":"https:\/\/api.w.org\/{rel}","templated":true}]}}